{"id":2265,"date":"2024-05-09T19:11:35","date_gmt":"2024-05-09T17:11:35","guid":{"rendered":"https:\/\/www.systemyc.com\/privacy-policy\/"},"modified":"2024-07-21T19:07:50","modified_gmt":"2024-07-21T17:07:50","slug":"privacy-policy","status":"publish","type":"page","link":"https:\/\/www.systemyc.com\/en\/privacy-policy\/","title":{"rendered":"Privacy Policy"},"content":{"rendered":"\t\t<div data-elementor-type=\"wp-page\" data-elementor-id=\"2265\" class=\"elementor elementor-2265 elementor-722\" data-elementor-post-type=\"page\">\n\t\t\t\t<div class=\"elementor-element elementor-element-5c50d72 e-flex e-con-boxed e-con e-parent\" data-id=\"5c50d72\" data-element_type=\"container\" data-settings=\"{&quot;background_background&quot;:&quot;classic&quot;}\">\n\t\t\t\t\t<div class=\"e-con-inner\">\n\t\t\t\t<div class=\"elementor-element elementor-element-de46df7 pad-tb-m elementor-widget elementor-widget-heading\" data-id=\"de46df7\" data-element_type=\"widget\" data-widget_type=\"heading.default\">\n\t\t\t\t<div class=\"elementor-widget-container\">\n\t\t\t<h1 class=\"elementor-heading-title elementor-size-default\">Privacy Policy<\/h1>\t\t<\/div>\n\t\t\t\t<\/div>\n\t\t\t\t\t<\/div>\n\t\t\t\t<\/div>\n\t\t<div class=\"elementor-element elementor-element-5e18df7 pad-tb-m e-flex e-con-boxed e-con e-parent\" data-id=\"5e18df7\" data-element_type=\"container\">\n\t\t\t\t\t<div class=\"e-con-inner\">\n\t\t\t\t<div class=\"elementor-element elementor-element-11dabc5 elementor-widget elementor-widget-text-editor\" data-id=\"11dabc5\" data-element_type=\"widget\" data-widget_type=\"text-editor.default\">\n\t\t\t\t<div class=\"elementor-widget-container\">\n\t\t\t\t\t\t\t<p>Pol\u00edtica de Privacidad y Protecci\u00f3n de Datos Personales SYSTEMYC BUSINESS SOLUTIONS, S.L. (En adelante <b>LA SOCIEDAD<\/b>).<\/p>\n<p><br><\/p>\n<p><\/p>\n<p><b>1. POLITICA Y CLA\u00daSULAS DE PRIVACIDAD<\/b><\/p>\n<p><b><br><\/b><\/p>\n<p><b> <\/b><\/p>\n<p>Esta declaraci\u00f3n tiene como finalidad informar a los usuarios de la Pol\u00edtica general de Privacidad y Protecci\u00f3n de Datos Personales seguida por <b>LA SOCIEDAD<\/b>. Esta Pol\u00edtica de Privacidad podr\u00eda variar en funci\u00f3n de exigencias legislativas o de autorregulaci\u00f3n, por lo que se aconseja a los usuarios que la visiten peri\u00f3dicamente Ser\u00e1 aplicable en caso de que los usuarios decidan rellenar alg\u00fan formulario donde se recaben datos de car\u00e1cter personal, sin perjuicio de lo indicado en la \u201cCl\u00e1usula de Privacidad\u201d aplicable a cada formulario concreto.<\/p>\n<p><br><\/p>\n<p><\/p>\n<p><b>2. USO Y TRATAMIENTO DE LOS DATOS<\/b><\/p>\n<p><b><br><\/b><\/p>\n<p><b> <\/b><\/p>\n<p><b>LA SOCIEDAD<\/b> tiene plena conciencia del uso y tratamiento que se debe dar a los datos personales que se puedan requerir o que se puedan obtener de los usuarios en sus p\u00e1ginas web con el fin de gestionar los servicios ofrecidos o para remitirles comunicaciones comerciales de productos o servicios que puedan resultar de su inter\u00e9s.<\/p>\n<p><br><\/p>\n<p><\/p>\n<p><b>3. SECRETO Y SEGURIDAD DE LOS DATOS<\/b><\/p>\n<p><b><br><\/b><\/p>\n<p><b> <\/b><\/p>\n<p><b>LA SOCIEDAD<\/b> se compromete al cumplimiento de su obligaci\u00f3n de secreto de los datos de car\u00e1cter personal y su deber de guardarlos, y adoptar\u00e1n las medidas de \u00edndole t\u00e9cnica y organizativa necesarias que garanticen la seguridad de los datos de car\u00e1cter personal y eviten su alteraci\u00f3n, p\u00e9rdida, tratamiento o acceso no autorizado, habida cuenta del estado de la tecnolog\u00eda, de acuerdo con lo establecido por el RLOPD. Sin embargo, <b>LA SOCIEDAD<\/b> no puede garantizar la absoluta inexpugnabilidad de la red Internet y por tanto la violaci\u00f3n de los datos mediante accesos fraudulentos a ellos por parte de terceros.<\/p>\n<p><br><\/p>\n<p><\/p>\n<p><b>4. USO DE COOKIES<\/b><\/p>\n<p><b><br><\/b><\/p>\n<p><b> <\/b><\/p>\n<p>La Web de <b>LA SOCIEDAD<\/b> utiliza cookies. La cookie es un peque\u00f1o archivo de texto que el servidor del sitio web ubica en el disco duro del equipo del usuario para recoger datos estad\u00edsticos sobre su navegaci\u00f3n en el site y permitir la visualizaci\u00f3n de contenidos publicitarios. No contienen datos personales. El usuario puede configurar su navegador para aceptar o rechazar la instalaci\u00f3n de cookies o suprimirlos una vez haya finalizado su navegaci\u00f3n en el sitio Web. Sin embargo, <b>LA SOCIEDAD<\/b> aconseja y agradece que se active la aceptaci\u00f3n de cookies para poder obtener datos m\u00e1s precisos que permitan mejorar el contenido y adaptarlo a las preferencias del usuario. <b>LA SOCIEDAD<\/b> no se responsabiliza de que la desactivaci\u00f3n de las cookies pueda impedir el buen funcionamiento de las p\u00e1ginas Web.<\/p>\n<p><br><\/p>\n<p><\/p>\n<p><b>5. SUSCRIPCION Y REGISTRO<\/b><\/p>\n<p><b><br><\/b><\/p>\n<p><b> <\/b><\/p>\n<p>En caso de que Ud. decida suscribirse, se le solicitar\u00e1n una serie de datos personales imprescindibles con la finalidad de gestionar los productos o servicios solicitados (nombre, apellidos, email, direcci\u00f3n postal, etc.). Igualmente, se le podr\u00e1 requerir que aporte voluntariamente una serie de datos complementarios destinados a labores de informaci\u00f3n y comercializaci\u00f3n de ofertas, servicios, o actividades relacionadas con los mismos y limitadas a las actividades y servicios de <b>LA SOCIEDAD<\/b>.<\/p>\n<p><br><\/p>\n<p><\/p>\n<p><b>6. VERACIDAD DE LA INFORMACI\u00d3N<\/b><\/p>\n<p><b><br><\/b><\/p>\n<p><\/p>\n<p>Los usuarios responder\u00e1n, en cualquier caso, de la veracidad de los datos facilitados, siendo responsables de comunicar cualquier modificaci\u00f3n en los mismos, y quedando <b>LA SOCIEDAD <\/b>exenta de cualquier tipo de responsabilidad a este respecto. <b>LA SOCIEDAD<\/b> se reserva el derecho a excluir de los servicios registrados a todo usuario que haya facilitado datos falsos, sin perjuicio de las dem\u00e1s acciones que procedan en Derecho.<\/p>\n<p><br><\/p>\n<p><\/p>\n<p><b>7. ACCESO A LOS DATOS<\/b><\/p>\n<p><b><br><\/b><\/p>\n<p><b> <\/b><\/p>\n<p>Ning\u00fan tercero ajeno a los responsables anteriormente mencionados podr\u00e1 acceder en ning\u00fan caso directamente a sus datos personales sin su consentimiento expreso para cada ocasi\u00f3n, salvo los considerados responsables del tratamiento, los cuales necesitan acceder para prestar el servicio de gesti\u00f3n o desarrollo de la actividad.<\/p>\n<p><br><\/p>\n<p><\/p>\n<p><b>8. DERECHOS DEL USUARIO<\/b><\/p>\n<p><b><br><\/b><\/p>\n<p><b> <\/b><\/p>\n<p>Los usuarios tienen reconocidos y podr\u00e1n ejercer sus derechos de acceso, cancelaci\u00f3n, rectificaci\u00f3n y oposici\u00f3n, mediante comunicaci\u00f3n escrita a las direcciones indicadas en cada caso o a las direcciones indicadas en el punto 1, identific\u00e1ndose y concretando su solicitud, y aportando fotocopia del DNI o documento equivalente. Igualmente pueden enviar un correo electr\u00f3nico a la direcci\u00f3n <a href=\"mailto:management@systemyc.com\">management@systemyc.com<\/a><\/p>\n<p><\/p>\n<p>Por favor, tenga en cuenta el procedimiento del Real Decreto 1720\/2007 de 21 de diciembre en su art\u00edculo 25 a los efectos de ejercer sus derechos.<\/p>\n<p><br><\/p>\n<p><\/p>\n<p><b>9. COMUNICACIONES COMERCIALES<\/b><\/p><p><b><br><\/b><\/p>\n<p><b> <\/b><\/p>\n<p><b>LA SOCIEDAD<\/b>, en virtud de la Ley 34\/2002, de 11 de julio, de Servicios de la Sociedad de la Informaci\u00f3n y de Comercio Electr\u00f3nico, en ning\u00fan caso remitir\u00e1n publicidad y comunicaciones con fines de venta u otras de naturaleza comercial a los usuarios sin que medie su previa solicitud o consentimiento. Asimismo, tampoco remitir\u00e1n mensajes no solicitados ni consentidos previamente ni enviar\u00e1n cadenas de mensajes electr\u00f3nicos no solicitados ni previamente consentidos.<\/p>\n<p><br><\/p>\n<p><\/p>\n<p><b>10. BAJA DE COMUNICACIONES EN FORMATO ELECTR\u00d3NICO<\/b><\/p>\n<p><b><br><\/b><\/p>\n<p><\/p>\n<p>\u00ad\u00ad<b>LA SOCIEDAD<\/b> informa a los usuarios que, en caso de haber solicitado el env\u00edo de mensajes comerciales o alertas en formato electr\u00f3nico, podr\u00e1n darse de baja de este tipo de comunicaciones siguiendo las instrucciones indicadas en cada caso o comunic\u00e1ndolo a <a href=\"mailto:management@systemyc.com\">management@systemyc.com<\/a><\/p>\t\t\t\t\t\t<\/div>\n\t\t\t\t<\/div>\n\t\t\t\t\t<\/div>\n\t\t\t\t<\/div>\n\t\t\t\t<\/div>\n\t\t","protected":false},"excerpt":{"rendered":"<p>Privacy Policy Pol\u00edtica de Privacidad y Protecci\u00f3n de Datos Personales SYSTEMYC BUSINESS SOLUTIONS, S.L. (En adelante LA SOCIEDAD). 1. POLITICA Y CLA\u00daSULAS DE PRIVACIDAD Esta declaraci\u00f3n tiene como finalidad informar a los usuarios de la Pol\u00edtica general de Privacidad y Protecci\u00f3n de Datos Personales seguida por LA SOCIEDAD. Esta Pol\u00edtica de Privacidad podr\u00eda variar en [&hellip;]<\/p>\n","protected":false},"author":1,"featured_media":0,"parent":0,"menu_order":0,"comment_status":"closed","ping_status":"closed","template":"","meta":{"_seopress_robots_primary_cat":"","_seopress_titles_title":"","_seopress_titles_desc":"","_seopress_robots_index":"","footnotes":""},"class_list":["post-2265","page","type-page","status-publish","hentry"],"_links":{"self":[{"href":"https:\/\/www.systemyc.com\/en\/wp-json\/wp\/v2\/pages\/2265","targetHints":{"allow":["GET"]}}],"collection":[{"href":"https:\/\/www.systemyc.com\/en\/wp-json\/wp\/v2\/pages"}],"about":[{"href":"https:\/\/www.systemyc.com\/en\/wp-json\/wp\/v2\/types\/page"}],"author":[{"embeddable":true,"href":"https:\/\/www.systemyc.com\/en\/wp-json\/wp\/v2\/users\/1"}],"replies":[{"embeddable":true,"href":"https:\/\/www.systemyc.com\/en\/wp-json\/wp\/v2\/comments?post=2265"}],"version-history":[{"count":9,"href":"https:\/\/www.systemyc.com\/en\/wp-json\/wp\/v2\/pages\/2265\/revisions"}],"predecessor-version":[{"id":2274,"href":"https:\/\/www.systemyc.com\/en\/wp-json\/wp\/v2\/pages\/2265\/revisions\/2274"}],"wp:attachment":[{"href":"https:\/\/www.systemyc.com\/en\/wp-json\/wp\/v2\/media?parent=2265"}],"curies":[{"name":"wp","href":"https:\/\/api.w.org\/{rel}","templated":true}]}}