{"id":2248,"date":"2024-05-09T19:17:59","date_gmt":"2024-05-09T17:17:59","guid":{"rendered":"https:\/\/www.systemyc.com\/legal-terms\/"},"modified":"2024-07-21T19:03:21","modified_gmt":"2024-07-21T17:03:21","slug":"legal-terms","status":"publish","type":"page","link":"https:\/\/www.systemyc.com\/en\/legal-terms\/","title":{"rendered":"Legal Terms"},"content":{"rendered":"\t\t<div data-elementor-type=\"wp-page\" data-elementor-id=\"2248\" class=\"elementor elementor-2248 elementor-732\" data-elementor-post-type=\"page\">\n\t\t\t\t<div class=\"elementor-element elementor-element-5c50d72 e-flex e-con-boxed e-con e-parent\" data-id=\"5c50d72\" data-element_type=\"container\" data-settings=\"{&quot;background_background&quot;:&quot;classic&quot;}\">\n\t\t\t\t\t<div class=\"e-con-inner\">\n\t\t\t\t<div class=\"elementor-element elementor-element-de46df7 pad-tb-m elementor-widget elementor-widget-heading\" data-id=\"de46df7\" data-element_type=\"widget\" data-widget_type=\"heading.default\">\n\t\t\t\t<div class=\"elementor-widget-container\">\n\t\t\t<h1 class=\"elementor-heading-title elementor-size-default\">Legal Terms<\/h1>\t\t<\/div>\n\t\t\t\t<\/div>\n\t\t\t\t\t<\/div>\n\t\t\t\t<\/div>\n\t\t<div class=\"elementor-element elementor-element-5e18df7 pad-tb-m e-flex e-con-boxed e-con e-parent\" data-id=\"5e18df7\" data-element_type=\"container\">\n\t\t\t\t\t<div class=\"e-con-inner\">\n\t\t\t\t<div class=\"elementor-element elementor-element-11dabc5 elementor-widget elementor-widget-text-editor\" data-id=\"11dabc5\" data-element_type=\"widget\" data-widget_type=\"text-editor.default\">\n\t\t\t\t<div class=\"elementor-widget-container\">\n\t\t\t\t\t\t\t<p><b>1. DATOS IDENTIFICATIVOS<\/b><\/p>\n<p><b><br><\/b><\/p>\n<p><\/p>\n<p>En cumplimiento con el deber de informaci\u00f3n recogido en art\u00edculo 10 de la Ley 34\/2002, de 11 de julio, de Servicios de la Sociedad de la Informaci\u00f3n y del Comercio Electr\u00f3nico, a continuaci\u00f3n, se reflejan los siguientes datos SYSTEMYC BUSINESS SOLUTIONS, S.L. con CIF B87510368, inscrita en el Registro Mercantil de Madrid, Tomo 34505, Folio 77, Secci\u00f3n 8, Hoja M-620606, Inscripci\u00f3n 1, domiciliada en Calle Atenas N\u00ba 2 Portal Norte Oficina E, N\u00ba 6, 28224, Madrid. (En adelante <b>LA SOCIEDAD<\/b>).<\/p>\n<p><br><\/p>\n<p><\/p>\n<p><b>2. USUARIOS<\/b><\/p>\n<p><b><br><\/b><\/p>\n<p><\/p>\n<p>El acceso y\/o uso de los Sites de <b>LA SOCIEDAD<\/b> atribuye la condici\u00f3n de USUARIO, que acepta, desde dicho acceso y\/o uso, las Condiciones Generales de Uso aqu\u00ed reflejadas. Las citadas condiciones ser\u00e1n de aplicaci\u00f3n independientemente de las Condiciones Generales de Contrataci\u00f3n que en su caso resulten de obligado cumplimiento.<\/p>\n<p><br><\/p>\n<p><b>3. USO DEL SITE<\/b><\/p>\n<p><b><br><\/b><\/p>\n<p>El sitio Web de <b>LA SOCIEDAD<\/b> proporciona el acceso a multitud de informaciones, servicios, herramientas, programas o datos (en adelante, \u201clos contenidos\u201d) en Internet pertenecientes a <b>LA SOCIEDAD<\/b>, y a los que el USUARIO puede tener acceso. El USUARIO asume la responsabilidad del uso del Site.<\/p>\n<p><br><\/p>\n<p>Dicha responsabilidad se extiende al registro que fuese necesario para acceder a determinados servicios o contenidos. En dicho registro el USUARIO ser\u00e1 responsable de aportar informaci\u00f3n veraz y l\u00edcita. Como consecuencia de este Registro, al USUARIO se le puede proporcionar una contrase\u00f1a de la que ser\u00e1 responsable, comprometi\u00e9ndose a hacer un uso diligente y confidencial de la misma.<\/p>\n<p><br><\/p>\n<p><b>4. El USUARIO<\/b><\/p>\n<p><b><br><\/b><\/p>\n<p>Se compromete a hacer un uso adecuado de los contenidos y servicios (como por ejemplo servicios de chat, foros de discusi\u00f3n o grupos de noticias) que <b>LA SOCIEDAD<\/b> ofrece a trav\u00e9s de su Site y con car\u00e1cter enunciativo pero no limitativo, a no emplearlos para (i) incurrir en actividades il\u00edcitas, ilegales o contrarias a la buena fe y al orden p\u00fablico; (ii) difundir contenidos o propaganda de car\u00e1cter racista, xen\u00f3fobo, pornogr\u00e1fico-ilegal, de apolog\u00eda del terrorismo o atentatorio contra los derechos humanos; (iii) provocar da\u00f1os en los sistemas f\u00edsicos y l\u00f3gicos de <b>LA SOCIEDAD<\/b>, de sus proveedores o de terceras personas, introducir o difundir en la red virus inform\u00e1ticos o cualesquiera otros sistemas f\u00edsicos o l\u00f3gicos que sean susceptibles de provocar los da\u00f1os anteriormente mencionados; (iv) intentar acceder y, en su caso, utilizar las cuentas de correo electr\u00f3nico de otros usuarios y modificar o manipular sus mensajes.<\/p>\n<p><br><\/p>\n<p><b>LA SOCIEDAD<\/b> se reserva el derecho de retirar todos aquellos comentarios y aportaciones que vulneren el respeto a la dignidad de la persona, que sean discriminatorios, xen\u00f3fobos, racistas, pornogr\u00e1ficos, que atenten contra la juventud o la infancia, el orden o la seguridad p\u00fablica o que, a su juicio, no resultaran adecuados para su publicaci\u00f3n. En cualquier caso, <b>LA SOCIEDAD<\/b> no ser\u00e1 responsable de las opiniones vertidas por los usuarios a trav\u00e9s de los foros, chats, u otras herramientas.<\/p>\n<p><br><\/p>\n<p><b>5. PROTECCI\u00d3N DE DATOS<\/b><\/p>\n<p><b><br><\/b><\/p>\n<p><b>LA SOCIEDAD<\/b> cumple con las directrices de la Ley Org\u00e1nica 15\/1999 de 13 de diciembre de Protecci\u00f3n de Datos de Car\u00e1cter Personal, el Real Decreto 1720\/2007 de 21 de diciembre por el que se aprueba el Reglamento de desarrollo de la Ley Org\u00e1nica y dem\u00e1s normativa vigente en cada momento, y vela por garantizar un correcto uso y tratamiento de los datos personales del usuario. Para ello, junto a cada formulario de recabo de datos de car\u00e1cter personal, en los servicios que el USUARIO pueda solicitar a <b>LA SOCIEDAD<\/b>, har\u00e1 saber al USUARIO de la existencia y aceptaci\u00f3n de las condiciones particulares del tratamiento de sus datos en cada caso, inform\u00e1ndole de la responsabilidad del fichero creado, la direcci\u00f3n del responsable, la posibilidad de ejercer sus derechos de acceso, rectificaci\u00f3n, cancelaci\u00f3n u oposici\u00f3n, la finalidad del tratamiento y las comunicaciones de datos a terceros en su caso. Asimismo, <b>LA SOCIEDAD<\/b> informa que da cumplimiento a la Ley 34\/2002 de 11 de julio, de Servicios de la Sociedad de la Informaci\u00f3n y el Comercio Electr\u00f3nico y le solicitar\u00e1 su consentimiento al tratamiento de su correo electr\u00f3nico con fines comerciales en cada momento.<\/p>\n<p><br><\/p>\n<p><b>6. EXCLUSI\u00d3N DE GARANT\u00cdAS Y RESPONSABILIDAD<\/b><\/p>\n<p><b><br><\/b><\/p>\n<p><b>LA SOCIEDAD<\/b> no se hace responsable, en ning\u00fan caso, de los da\u00f1os y perjuicios de cualquier naturaleza que pudieran ocasionar, a t\u00edtulo enunciativo: errores u omisiones en los contenidos, falta de disponibilidad del portal o la transmisi\u00f3n de virus o programas maliciosos o lesivos en los contenidos, a pesar de haber adoptado todas las medidas tecnol\u00f3gicas necesarias para evitarlo.<\/p>\n<p><br><\/p>\n<p><b>7. MODIFICACIONES<\/b><\/p>\n<p><b><br><\/b><\/p>\n<p><b>LA SOCIEDAD<\/b> se reserva el derecho de efectuar sin previo aviso las modificaciones que considere oportunas en su Site, pudiendo cambiar, suprimir o a\u00f1adir tanto los contenidos y servicios que se presten a trav\u00e9s de la misma como la forma en la que \u00e9stos aparezcan presentados o localizados en su Site.<\/p>\n<p><br><\/p>\n<p><b>8. EMPLEO DE COOKIES<\/b><\/p>\n<p><b><br><\/b><\/p>\n<p><b>LA SOCIEDAD<\/b> podr\u00e1 utilizar cookies para personalizar y facilitar al m\u00e1ximo la navegaci\u00f3n del USUARIO por su Site. Las cookies se asocian \u00fanicamente a un USUARIO an\u00f3nimo y su ordenador y no proporcionan referencias que permitan deducir datos personales del USUARIO. El USUARIO podr\u00e1 configurar su navegador para que notifique y rechace la instalaci\u00f3n de las cookies enviadas por <b>LA SOCIEDAD<\/b>, sin que ello perjudique la posibilidad del USUARIO de acceder a los Contenidos.<\/p>\n<p><br><\/p>\n<p><b>9. ENLACES<\/b><\/p>\n<p><b><br><\/b><\/p>\n<p>En el caso de que en el Site se dispusiesen enlaces o hiperv\u00ednculos hac\u00eda otros sitios de Internet, <b>LA SOCIEDAD<\/b> no ejercer\u00e1 ning\u00fan tipo de control sobre dichos sitios y contenidos. En ning\u00fan caso asumir\u00e1 responsabilidad alguna por los contenidos de alg\u00fan enlace perteneciente a un sitio web ajeno, ni garantizar\u00e1 la disponibilidad t\u00e9cnica, calidad, fiabilidad, exactitud, amplitud, veracidad, validez y constitucionalidad de cualquier material o informaci\u00f3n contenida en ninguno de dichos hiperv\u00ednculos u otros sitios de Internet. Igualmente, la inclusi\u00f3n de estas conexiones externas no implicar\u00e1 ning\u00fan tipo de asociaci\u00f3n, fusi\u00f3n o participaci\u00f3n con las entidades conectadas.<\/p>\n<p><br><\/p>\n<p><b>10. DERECHO DE EXCLUSI\u00d3N<\/b><\/p>\n<p><b><br><\/b><\/p>\n<p><b>LA SOCIEDAD<\/b> se reserva el derecho a denegar o retirar el acceso a su Site y\/o los servicios ofrecidos sin necesidad de preaviso, a instancia propia o de un tercero, a aquellos usuarios que incumplan las presentes Condiciones Generales de Uso.<\/p>\n<p><br><\/p>\n<p><b>11. GENERALIDADES<\/b><\/p>\n<p><b><br><\/b><\/p>\n<p><b>LA SOCIEDAD<\/b> perseguir\u00e1 el incumplimiento de las presentes condiciones, as\u00ed como cualquier utilizaci\u00f3n indebida de su Site ejerciendo todas las acciones civiles y penales que le puedan corresponder en derecho.<\/p><p><br><\/p>\n<p><b>12. MODIFICACI\u00d3N DE LAS PRESENTES CONDICIONES Y DURACI\u00d3N<\/b><\/p><p><b><br><\/b><\/p>\n<p><b>LA SOCIEDAD<\/b> podr\u00e1 modificar en cualquier momento las condiciones aqu\u00ed determinadas, siendo debidamente publicadas como aqu\u00ed aparecen. La vigencia de las citadas condiciones ir\u00e1 en funci\u00f3n de su exposici\u00f3n y estar\u00e1n vigentes hasta que sean modificadas por otras debidamente publicadas.<\/p>\n<p><br><\/p>\n<p><b>13. LEGISLACI\u00d3N APLICABLE Y JURISDICCI\u00d3N<\/b><\/p>\n<p><b><br><\/b><\/p>\n<p>La relaci\u00f3n entre <b>LA SOCIEDAD<\/b> y el USUARIO se regir\u00e1 por la normativa espa\u00f1ola vigente y cualquier controversia se someter\u00e1 a los Juzgados y tribunales de la ciudad de <b>Madrid<\/b>.<\/p>\t\t\t\t\t\t<\/div>\n\t\t\t\t<\/div>\n\t\t\t\t\t<\/div>\n\t\t\t\t<\/div>\n\t\t\t\t<\/div>\n\t\t","protected":false},"excerpt":{"rendered":"<p>Legal Terms 1. DATOS IDENTIFICATIVOS En cumplimiento con el deber de informaci\u00f3n recogido en art\u00edculo 10 de la Ley 34\/2002, de 11 de julio, de Servicios de la Sociedad de la Informaci\u00f3n y del Comercio Electr\u00f3nico, a continuaci\u00f3n, se reflejan los siguientes datos SYSTEMYC BUSINESS SOLUTIONS, S.L. con CIF B87510368, inscrita en el Registro Mercantil [&hellip;]<\/p>\n","protected":false},"author":1,"featured_media":0,"parent":0,"menu_order":0,"comment_status":"closed","ping_status":"closed","template":"","meta":{"_seopress_robots_primary_cat":"","_seopress_titles_title":"","_seopress_titles_desc":"","_seopress_robots_index":"","footnotes":""},"class_list":["post-2248","page","type-page","status-publish","hentry"],"_links":{"self":[{"href":"https:\/\/www.systemyc.com\/en\/wp-json\/wp\/v2\/pages\/2248","targetHints":{"allow":["GET"]}}],"collection":[{"href":"https:\/\/www.systemyc.com\/en\/wp-json\/wp\/v2\/pages"}],"about":[{"href":"https:\/\/www.systemyc.com\/en\/wp-json\/wp\/v2\/types\/page"}],"author":[{"embeddable":true,"href":"https:\/\/www.systemyc.com\/en\/wp-json\/wp\/v2\/users\/1"}],"replies":[{"embeddable":true,"href":"https:\/\/www.systemyc.com\/en\/wp-json\/wp\/v2\/comments?post=2248"}],"version-history":[{"count":15,"href":"https:\/\/www.systemyc.com\/en\/wp-json\/wp\/v2\/pages\/2248\/revisions"}],"predecessor-version":[{"id":2264,"href":"https:\/\/www.systemyc.com\/en\/wp-json\/wp\/v2\/pages\/2248\/revisions\/2264"}],"wp:attachment":[{"href":"https:\/\/www.systemyc.com\/en\/wp-json\/wp\/v2\/media?parent=2248"}],"curies":[{"name":"wp","href":"https:\/\/api.w.org\/{rel}","templated":true}]}}